{"id":1141,"date":"2019-11-19T07:33:32","date_gmt":"2019-11-19T07:33:32","guid":{"rendered":"https:\/\/themeforest.unitedthemes.com\/wpversions\/brooklyn\/xml\/demo44\/?page_id=1141"},"modified":"2020-12-27T13:58:21","modified_gmt":"2020-12-27T10:58:21","slug":"iletisim","status":"publish","type":"page","link":"https:\/\/teknomatyazilim.com\/?page_id=1141","title":{"rendered":"\u0130leti\u015fim"},"content":{"rendered":"<p>[vc_section el_name=&#8221;First Section&#8221;][vc_row delay=&#8221;true&#8221; el_name=&#8221;Row has animation&#8221; effect=&#8221;fadeIn&#8221;][vc_column]<div class=\"wpb_content_element \"><style type=\"text\/css\"><\/style><header id=\"ut_header_6a08b3437db08\" class=\"section-header ut-no-title-linebreak-mobile ut-no-lead-linebreak-mobile pt-style-7 header-left header-tablet-left header-mobile-center element-with-custom-line-height\"><div class=\"element-with-custom-line-height\" ><h1 data-title=\"B\u0130Z\u0130MLE \u0130LET\u0130\u015e\u0130ME GE\u00c7EB\u0130L\u0130RS\u0130N\u0130Z\"  class=\"section-title  \"><span>B\u0130Z\u0130MLE \u0130LET\u0130\u015e\u0130ME GE\u00c7EB\u0130L\u0130RS\u0130N\u0130Z<\/span><\/h1><\/div><\/header><\/div>[\/vc_column][\/vc_row][\/vc_section][vc_section el_name=&#8221;Second Section&#8221;][vc_row delay=&#8221;true&#8221; el_name=&#8221;Row has animation&#8221; effect=&#8221;fadeIn&#8221;][vc_column width=&#8221;1\/3&#8243;]\r\n            <script type=\"text\/javascript\">\r\n\r\n                if( window.ut_rotator_words === undefined  ) {\r\n\r\n                    window.ut_rotator_words = [];\r\n\r\n                }\r\n\r\n                window.ut_rotator_words['ut_word_rotator_6a08b3437e4dd'] = [\"Web yaz\\u0131l\\u0131m i\\u00e7in\",\"Seo hizmeti i\\u00e7in\",\"Mobil uygulama i\\u00e7in\",\"Sosyal medya dan\\u0131\\u015fmanl\\u0131\\u011f\\u0131 i\\u00e7in\",\"Yaz\\u0131l\\u0131m dan\\u0131\\u015fmanl\\u0131\\u011f\\u0131 i\\u00e7in\",\"Hosting deste\\u011fi i\\u00e7in\",\"AR ve VR uygulamalar\\u0131n\\u0131z i\\u00e7in\"];\r\n\r\n            <\/script>\r\n\r\n\t        <style type=\"text\/css\">#ut_word_rotator_6a08b3437e4db h2.ut-word-rotator { line-height: 100%; }<\/style><div id=\"ut_word_rotator_6a08b3437e4db\" class=\"ut-word-rotator-wrap wpb_content_element \" ><h2 id=\"ut_word_rotator_6a08b3437e4dd\" class=\" ut-word-rotator-typewriter ut-word-rotator\" data-id=\"ut_word_rotator_6a08b3437e4dd\" data-settings=\"{&quot;word_effect&quot;:&quot;typewriter&quot;,&quot;timer&quot;:2000,&quot;effect_timer&quot;:0,&quot;glitch&quot;:&quot;off&quot;,&quot;cursor&quot;:&quot;|&quot;,&quot;wait_for_preloader&quot;:true}\"><div data-title=\"Web yaz\u0131l\u0131m i\u00e7in\">Web yaz\u0131l\u0131m i\u00e7in<\/div><\/h2><\/div><style type=\"text\/css\">#ut_custom_heading6a08b3437e55b { line-height:100%; }#ut_custom_heading6a08b3437e55b { text-align:left; }@media (min-width: 768px) and (max-width: 1024px) { #ut_custom_heading6a08b3437e55b { text-align:left; } }@media (max-width: 767px) { #ut_custom_heading6a08b3437e55b { text-align:left; } }<\/style><h3 id=\"ut_custom_heading6a08b3437e55b\" class=\"ut-custom-heading-module   vc_custom_1609010744060\" ><span class=\"\" >ATA TEKNOKENT<\/span><\/h3><style type=\"text\/css\">#ut_custom_heading6a08b3437e5b9 { line-height:150%; }#ut_custom_heading6a08b3437e5b9 { text-align:left; }@media (min-width: 768px) and (max-width: 1024px) { #ut_custom_heading6a08b3437e5b9 { text-align:left; } }@media (max-width: 767px) { #ut_custom_heading6a08b3437e5b9 { text-align:left; } }<\/style><p id=\"ut_custom_heading6a08b3437e5b9\" class=\"ut-custom-heading-module  \" ><span class=\"\" >\u00dcniversite Mahallesi<br \/>\n\u00c7at Yolu Caddesi<br \/>\nTeknokent Sitesi B Blok<br \/>\nNo:74\/107<br \/>\nYakutiye\/Erzurum<\/span><\/p><style type=\"text\/css\">#ut_custom_heading6a08b3437ff13 { font-size:12px; }#ut_custom_heading6a08b3437ff13 { font-weight:600; }#ut_custom_heading6a08b3437ff13 { line-height:125%; }#ut_custom_heading6a08b3437ff13 { text-align:left; }@media (min-width: 768px) and (max-width: 1024px) { #ut_custom_heading6a08b3437ff13 { text-align:left; } }@media (max-width: 767px) { #ut_custom_heading6a08b3437ff13 { text-align:left; } }<\/style><p id=\"ut_custom_heading6a08b3437ff13\" class=\"ut-custom-heading-module   vc_custom_1609010788782\" ><span class=\"\" ><a title=\"\" href=\"mailto:brooklyn@wp-brooklyn.com\" target=\"_self\" >info@teknomatyazilim.com<\/a><\/span><\/p><style type=\"text\/css\">#ut_custom_heading6a08b343800e5 { font-size:18px; }#ut_custom_heading6a08b343800e5 { line-height:100%; }#ut_custom_heading6a08b343800e5 { text-align:left; }@media (min-width: 768px) and (max-width: 1024px) { #ut_custom_heading6a08b343800e5 { text-align:left; } }@media (max-width: 767px) { #ut_custom_heading6a08b343800e5 { text-align:left; } }<\/style><p id=\"ut_custom_heading6a08b343800e5\" class=\"ut-custom-heading-module  \" ><span class=\"\" >+90 (442) 282 2042<br \/>\n+90 (506) 313 1707<br \/>\n+90 (551) 104 6070<\/span><\/p>[vc_empty_space height=&#8221;20px&#8221;][\/vc_column][vc_column width=&#8221;2\/3&#8243;]<div class=\"wpb_content_element \"><style type=\"text\/css\">@media (max-width: 767px) {#ut_google_map_wrap6a08b34380469 {height: 60vh;}}@media (max-width: 767px) {#ut_google_map_wrap6a08b34380469 {width: 100%;}}@media (min-width: 768px) and (max-width: 1024px) {#ut_google_map_wrap6a08b34380469 {height: 60vh;}}@media (min-width: 768px) and (max-width: 1024px) {#ut_google_map_wrap6a08b34380469 {width: 100%;}}@media (min-width: 1025px) {#ut_google_map_wrap6a08b34380469 {height: 40vh;}}<\/style><div id=\"ut_google_map_wrap6a08b34380469\" class=\"ut-advanced-google-map-wrap  ut-advanced-google-map-wrap-center\"><div id=\"ut_google_map_6a08b34380465\" class=\"ut-advanced-google-map\" data-address=\"Atat\u00fcrk \u00dcniversitesi Teknokent\" data-api=\"https:\/\/maps.googleapis.com\/maps\/api\/js?key=AIzaSyCSScqnhIwf8VEKqxdJ6lLuzh9lbVSXt9E\" data-settings=\"{&quot;styles&quot;:[{&quot;featureType&quot;:&quot;water&quot;,&quot;elementType&quot;:&quot;geometry&quot;,&quot;stylers&quot;:[{&quot;color&quot;:&quot;#e9e9e9&quot;},{&quot;lightness&quot;:17}]},{&quot;featureType&quot;:&quot;landscape&quot;,&quot;elementType&quot;:&quot;geometry&quot;,&quot;stylers&quot;:[{&quot;color&quot;:&quot;#f5f5f5&quot;},{&quot;lightness&quot;:20}]},{&quot;featureType&quot;:&quot;road.highway&quot;,&quot;elementType&quot;:&quot;geometry.fill&quot;,&quot;stylers&quot;:[{&quot;color&quot;:&quot;#ffffff&quot;},{&quot;lightness&quot;:17}]},{&quot;featureType&quot;:&quot;road.highway&quot;,&quot;elementType&quot;:&quot;geometry.stroke&quot;,&quot;stylers&quot;:[{&quot;color&quot;:&quot;#ffffff&quot;},{&quot;lightness&quot;:29},{&quot;weight&quot;:0.2}]},{&quot;featureType&quot;:&quot;road.arterial&quot;,&quot;elementType&quot;:&quot;geometry&quot;,&quot;stylers&quot;:[{&quot;color&quot;:&quot;#ffffff&quot;},{&quot;lightness&quot;:18}]},{&quot;featureType&quot;:&quot;road.local&quot;,&quot;elementType&quot;:&quot;geometry&quot;,&quot;stylers&quot;:[{&quot;color&quot;:&quot;#ffffff&quot;},{&quot;lightness&quot;:16}]},{&quot;featureType&quot;:&quot;poi&quot;,&quot;elementType&quot;:&quot;geometry&quot;,&quot;stylers&quot;:[{&quot;color&quot;:&quot;#f5f5f5&quot;},{&quot;lightness&quot;:21}]},{&quot;featureType&quot;:&quot;poi.park&quot;,&quot;elementType&quot;:&quot;geometry&quot;,&quot;stylers&quot;:[{&quot;color&quot;:&quot;#dedede&quot;},{&quot;lightness&quot;:21}]},{&quot;elementType&quot;:&quot;labels.text.stroke&quot;,&quot;stylers&quot;:[{&quot;visibility&quot;:&quot;on&quot;},{&quot;color&quot;:&quot;#ffffff&quot;},{&quot;lightness&quot;:16}]},{&quot;elementType&quot;:&quot;labels.text.fill&quot;,&quot;stylers&quot;:[{&quot;saturation&quot;:36},{&quot;color&quot;:&quot;#333333&quot;},{&quot;lightness&quot;:40}]},{&quot;elementType&quot;:&quot;labels.icon&quot;,&quot;stylers&quot;:[{&quot;visibility&quot;:&quot;off&quot;}]},{&quot;featureType&quot;:&quot;transit&quot;,&quot;elementType&quot;:&quot;geometry&quot;,&quot;stylers&quot;:[{&quot;color&quot;:&quot;#f2f2f2&quot;},{&quot;lightness&quot;:19}]},{&quot;featureType&quot;:&quot;administrative&quot;,&quot;elementType&quot;:&quot;geometry.fill&quot;,&quot;stylers&quot;:[{&quot;color&quot;:&quot;#fefefe&quot;},{&quot;lightness&quot;:20}]},{&quot;featureType&quot;:&quot;administrative&quot;,&quot;elementType&quot;:&quot;geometry.stroke&quot;,&quot;stylers&quot;:[{&quot;color&quot;:&quot;#fefefe&quot;},{&quot;lightness&quot;:17},{&quot;weight&quot;:1.2}]}],&quot;zoom&quot;:16,&quot;marker&quot;:&quot;https:\\\/\\\/teknomatyazilim.com\\\/wp-content\\\/uploads\\\/2019\\\/11\\\/Map-Pin-1.svg&quot;} \"><\/div><\/div><\/div><div id=\"ut_cf7_colors_6a08b34380b70\" class=\"wpb_content_element  \"><div role=\"form\" class=\"wpcf7\" id=\"wpcf7-f2057-o1\" lang=\"en-US\" dir=\"ltr\">\n<div class=\"screen-reader-response\"><p role=\"status\" aria-live=\"polite\" aria-atomic=\"true\"><\/p> <ul><\/ul><\/div>\n<form action=\"\/index.php?rest_route=%2Fwp%2Fv2%2Fpages%2F1141#wpcf7-f2057-o1\" method=\"post\" class=\"wpcf7-form init\" novalidate=\"novalidate\" data-status=\"init\">\n<div style=\"display: none;\">\n<input type=\"hidden\" name=\"_wpcf7\" value=\"2057\" \/>\n<input type=\"hidden\" name=\"_wpcf7_version\" value=\"5.4.1\" \/>\n<input type=\"hidden\" name=\"_wpcf7_locale\" value=\"en_US\" \/>\n<input type=\"hidden\" name=\"_wpcf7_unit_tag\" value=\"wpcf7-f2057-o1\" \/>\n<input type=\"hidden\" name=\"_wpcf7_container_post\" value=\"0\" \/>\n<input type=\"hidden\" name=\"_wpcf7_posted_data_hash\" value=\"\" \/>\n<\/div>\n<p><label> \u0130sminiz (*)<br \/>\n    <span class=\"wpcf7-form-control-wrap your-name\"><input type=\"text\" name=\"your-name\" value=\"\" size=\"40\" class=\"wpcf7-form-control wpcf7-text wpcf7-validates-as-required\" aria-required=\"true\" aria-invalid=\"false\" \/><\/span> <\/label><\/p>\n<p><label> E-Mail (*)<br \/>\n    <span class=\"wpcf7-form-control-wrap your-email\"><input type=\"email\" name=\"your-email\" value=\"\" size=\"40\" class=\"wpcf7-form-control wpcf7-text wpcf7-email wpcf7-validates-as-required wpcf7-validates-as-email\" aria-required=\"true\" aria-invalid=\"false\" \/><\/span> <\/label><\/p>\n<p><label> Konu<br \/>\n    <span class=\"wpcf7-form-control-wrap your-subject\"><input type=\"text\" name=\"your-subject\" value=\"\" size=\"40\" class=\"wpcf7-form-control wpcf7-text\" aria-invalid=\"false\" \/><\/span> <\/label><\/p>\n<p><label> Mesaj<br \/>\n    <span class=\"wpcf7-form-control-wrap your-message\"><textarea name=\"your-message\" cols=\"40\" rows=\"10\" class=\"wpcf7-form-control wpcf7-textarea\" aria-invalid=\"false\"><\/textarea><\/span> <\/label><\/p>\n<p><input type=\"submit\" value=\"G\u00f6nder\" class=\"wpcf7-form-control wpcf7-submit\" \/><\/p>\n<div class=\"wpcf7-response-output\" aria-hidden=\"true\"><\/div><\/form><\/div><\/div>[\/vc_column][\/vc_row][\/vc_section]<\/p>\n","protected":false},"excerpt":{"rendered":"<p>[vc_section el_name=&#8221;First Section&#8221;][vc_row delay=&#8221;true&#8221; el_name=&#8221;Row has animation&#8221; effect=&#8221;fadeIn&#8221;][vc_column][\/vc_column][\/vc_row][\/vc_section][vc_section el_name=&#8221;Second Section&#8221;][vc_row delay=&#8221;true&#8221; el_name=&#8221;Row has animation&#8221; effect=&#8221;fadeIn&#8221;][vc_column width=&#8221;1\/3&#8243;][vc_empty_space height=&#8221;20px&#8221;][\/vc_column][vc_column width=&#8221;2\/3&#8243;][\/vc_column][\/vc_row][\/vc_section]<\/p>\n","protected":false},"author":1,"featured_media":0,"parent":0,"menu_order":0,"comment_status":"closed","ping_status":"closed","template":"","meta":{"footnotes":""},"class_list":["post-1141","page","type-page","status-publish","hentry"],"_links":{"self":[{"href":"https:\/\/teknomatyazilim.com\/index.php?rest_route=\/wp\/v2\/pages\/1141","targetHints":{"allow":["GET"]}}],"collection":[{"href":"https:\/\/teknomatyazilim.com\/index.php?rest_route=\/wp\/v2\/pages"}],"about":[{"href":"https:\/\/teknomatyazilim.com\/index.php?rest_route=\/wp\/v2\/types\/page"}],"author":[{"embeddable":true,"href":"https:\/\/teknomatyazilim.com\/index.php?rest_route=\/wp\/v2\/users\/1"}],"replies":[{"embeddable":true,"href":"https:\/\/teknomatyazilim.com\/index.php?rest_route=%2Fwp%2Fv2%2Fcomments&post=1141"}],"version-history":[{"count":9,"href":"https:\/\/teknomatyazilim.com\/index.php?rest_route=\/wp\/v2\/pages\/1141\/revisions"}],"predecessor-version":[{"id":2167,"href":"https:\/\/teknomatyazilim.com\/index.php?rest_route=\/wp\/v2\/pages\/1141\/revisions\/2167"}],"wp:attachment":[{"href":"https:\/\/teknomatyazilim.com\/index.php?rest_route=%2Fwp%2Fv2%2Fmedia&parent=1141"}],"curies":[{"name":"wp","href":"https:\/\/api.w.org\/{rel}","templated":true}]}}