{"id":2045,"date":"2020-12-09T18:28:23","date_gmt":"2020-12-09T15:28:23","guid":{"rendered":"http:\/\/yeni.teknomatyazilim.com\/?page_id=2045"},"modified":"2020-12-27T14:02:32","modified_gmt":"2020-12-27T11:02:32","slug":"hakkimizda","status":"publish","type":"page","link":"https:\/\/teknomatyazilim.com\/?page_id=2045","title":{"rendered":"Hakk\u0131m\u0131zda"},"content":{"rendered":"<p>[vc_section][vc_row][vc_column width=&#8221;1\/2&#8243;]<div  class=\"wpb_content_element   clearfix\"><style type=\"text\/css\">#ut_am_69e0520209af4 { opacity: 1; }#ut_am_wrap_69e0520209af6 .ut-image-gallery-item-caption-title h3 { letter-spacing: -0.03em; }#ut_am_wrap_69e0520209af6 .ut-gallery-slider-caption { font-weight: bold; }#ut_am_wrap_69e0520209af6 { text-align: left; }@media (min-width: 768px) and (max-width: 1024px) { #ut_am_wrap_69e0520209af6 { text-align: left !important; } }@media (max-width: 767px) { #ut_am_wrap_69e0520209af6 { text-align: center !important; } }<\/style><div id=\"ut_am_wrap_69e0520209af6\" class=\"ut-image-gallery-image \"><div id=\"ut_reveal_69e0520209af8\"  data-appear-top-offset=\"auto\" class=\"ut-animated-image-item ut-image-gallery-item ut-animation-done \"><a class=\"ut-deactivated-link\" href=\"#\"><div class=\"ut-animated-image-zoom\"><img loading=\"lazy\" decoding=\"async\" class=\"ut-lazy skip-lazy ut-animated-image\"  id=\"ut_am_69e0520209af4\" src=\"data:image\/svg+xml;charset=utf-8,%3Csvg xmlns%3D'http%3A%2F%2Fwww.w3.org%2F2000%2Fsvg' viewBox%3D'0 0 500 433'%2F%3E\" data-src=\"https:\/\/teknomatyazilim.com\/wp-content\/uploads\/2020\/12\/hakkimizda-500x433.png\" width=\"500\" height=\"433\" alt=\"\"\/><\/div><\/a><\/div><\/div><\/div>[\/vc_column][vc_column width=&#8221;1\/2&#8243;]<div class=\"wpb_content_element \"><style type=\"text\/css\"><\/style><header id=\"ut_header_69e052020a458\" class=\"section-header ut-no-title-linebreak-mobile ut-no-lead-linebreak-mobile pt-style-7 header-left header-tablet-left header-mobile-center element-with-custom-line-height\"><div class=\"element-with-custom-line-height\" ><h2 data-title=\"Hakk\u0131m\u0131zda\"  class=\"section-title  \"><span>Hakk\u0131m\u0131zda<\/span><\/h2><\/div><\/header><\/div>[vc_column_text]Teknomat Yaz\u0131l\u0131m firmas\u0131 yakla\u015f\u0131k 6 y\u0131l\u0131 a\u015fk\u0131n bir s\u00fcredir yaz\u0131l\u0131m hizmeti vermektedir. \u00d6zellikle e\u011fitim alan\u0131nda g\u00fcncel teknolojileri kullanarak projelere destek sa\u011flam\u0131\u015ft\u0131r. G\u00fcncel teknolojileri yak\u0131ndan takip edip, \u00e7a\u011f\u0131n gereksinimlerine uygun hareket etmektedir. \u00d6zellikle BlockChain, Augmented Reality, Virtual Reality sistemleri \u00fczerine ar-ge projeleri y\u00fcr\u00fcten Teknomat Yaz\u0131l\u0131m ayn\u0131 zamanda web geli\u015ftirme, mobil uygulama, web 2.0 ara\u00e7 geli\u015ftirme, SCORM paket olu\u015fturma, \u00f6zg\u00fcn sketch-xd-psd tasar\u0131mlar\u0131 yaparak kreatif web tasar\u0131mlar\u0131 yapmaktad\u0131r.<\/p>\n<p><strong>H\u0131zl\u0131 \u00c7\u00f6z\u00fcmler<\/strong><\/p>\n<ul>\n<li>E-Ticaret ve Sanal Ma\u011faza Entegrasyonlar\u0131<\/li>\n<li>Muhasebe Sistemleri<\/li>\n<li>Restoran Sistemleri<\/li>\n<li>H\u0131zl\u0131 Sat\u0131\u015f<\/li>\n<li>e-D\u00f6n\u00fc\u015f\u00fcm Hizmetleri<\/li>\n<\/ul>\n<p>[\/vc_column_text][\/vc_column][\/vc_row][vc_row hide_on_desktop=&#8221;true&#8221; hide_on_tablet=&#8221;true&#8221; hide_on_mobile=&#8221;true&#8221;][vc_column width=&#8221;1\/4&#8243;][ut_number_counter counter_prefix_font_weight=&#8221;&#8221; counter_suffix_font_weight=&#8221;&#8221; icon_bklyn=&#8221;BklynIcons-Hearts-Empty&#8221;]Mutlu M\u00fc\u015fteri[\/ut_number_counter][\/vc_column][vc_column width=&#8221;1\/4&#8243;][ut_number_counter counter_prefix_font_weight=&#8221;&#8221; counter_suffix_font_weight=&#8221;&#8221; icon_bklyn=&#8221;BklynIcons-Hearts-Empty&#8221;]Mutlu M\u00fc\u015fteri[\/ut_number_counter][\/vc_column][vc_column width=&#8221;1\/4&#8243;][ut_number_counter counter_prefix_font_weight=&#8221;&#8221; counter_suffix_font_weight=&#8221;&#8221; icon_bklyn=&#8221;BklynIcons-Hearts-Empty&#8221;]Mutlu M\u00fc\u015fteri[\/ut_number_counter][\/vc_column][vc_column width=&#8221;1\/4&#8243;][ut_number_counter counter_prefix_font_weight=&#8221;&#8221; counter_suffix_font_weight=&#8221;&#8221; icon_bklyn=&#8221;BklynIcons-Hearts-Empty&#8221;]Mutlu M\u00fc\u015fteri[\/ut_number_counter][\/vc_column][\/vc_row][\/vc_section]<\/p>\n","protected":false},"excerpt":{"rendered":"<p>[vc_section][vc_row][vc_column width=&#8221;1\/2&#8243;][\/vc_column][vc_column width=&#8221;1\/2&#8243;][vc_column_text]Teknomat Yaz\u0131l\u0131m firmas\u0131 yakla\u015f\u0131k 6 y\u0131l\u0131 a\u015fk\u0131n bir s\u00fcredir yaz\u0131l\u0131m hizmeti vermektedir. \u00d6zellikle e\u011fitim alan\u0131nda g\u00fcncel teknolojileri kullanarak projelere destek sa\u011flam\u0131\u015ft\u0131r. G\u00fcncel teknolojileri yak\u0131ndan takip edip, \u00e7a\u011f\u0131n gereksinimlerine uygun hareket etmektedir. \u00d6zellikle BlockChain, Augmented Reality, Virtual Reality sistemleri \u00fczerine ar-ge projeleri y\u00fcr\u00fcten Teknomat Yaz\u0131l\u0131m ayn\u0131 zamanda web geli\u015ftirme, mobil uygulama, web 2.0 ara\u00e7 [&hellip;]<\/p>\n","protected":false},"author":1,"featured_media":0,"parent":0,"menu_order":0,"comment_status":"closed","ping_status":"closed","template":"","meta":{"footnotes":""},"class_list":["post-2045","page","type-page","status-publish","hentry"],"_links":{"self":[{"href":"https:\/\/teknomatyazilim.com\/index.php?rest_route=\/wp\/v2\/pages\/2045","targetHints":{"allow":["GET"]}}],"collection":[{"href":"https:\/\/teknomatyazilim.com\/index.php?rest_route=\/wp\/v2\/pages"}],"about":[{"href":"https:\/\/teknomatyazilim.com\/index.php?rest_route=\/wp\/v2\/types\/page"}],"author":[{"embeddable":true,"href":"https:\/\/teknomatyazilim.com\/index.php?rest_route=\/wp\/v2\/users\/1"}],"replies":[{"embeddable":true,"href":"https:\/\/teknomatyazilim.com\/index.php?rest_route=%2Fwp%2Fv2%2Fcomments&post=2045"}],"version-history":[{"count":8,"href":"https:\/\/teknomatyazilim.com\/index.php?rest_route=\/wp\/v2\/pages\/2045\/revisions"}],"predecessor-version":[{"id":2168,"href":"https:\/\/teknomatyazilim.com\/index.php?rest_route=\/wp\/v2\/pages\/2045\/revisions\/2168"}],"wp:attachment":[{"href":"https:\/\/teknomatyazilim.com\/index.php?rest_route=%2Fwp%2Fv2%2Fmedia&parent=2045"}],"curies":[{"name":"wp","href":"https:\/\/api.w.org\/{rel}","templated":true}]}}